{"id":715,"date":"2021-06-21T14:07:21","date_gmt":"2021-06-21T14:07:21","guid":{"rendered":"https:\/\/reipal.se\/rh-pusher-automatic\/"},"modified":"2024-12-09T12:18:58","modified_gmt":"2024-12-09T11:18:58","slug":"rh-pusher-automatic","status":"publish","type":"page","link":"https:\/\/reipal.se\/en\/rh-pusher-automatic\/","title":{"rendered":"Stabilift Automatic"},"content":{"rendered":"<p>[et_pb_section fb_built=&#8221;1&#8243; _builder_version=&#8221;4.16&#8243; _module_preset=&#8221;default&#8221; background_color=&#8221;rgba(255,255,255,0.54)&#8221; background_image=&#8221;https:\/\/reipal.se\/wp-content\/uploads\/2021\/03\/654325.jpeg&#8221; background_blend=&#8221;overlay&#8221; custom_padding=&#8221;100px||100px||true|false&#8221; collapsed=&#8221;on&#8221; global_colors_info=&#8221;{}&#8221;][et_pb_row _builder_version=&#8221;4.16&#8243; _module_preset=&#8221;default&#8221; global_colors_info=&#8221;{}&#8221;][et_pb_column type=&#8221;4_4&#8243; _builder_version=&#8221;4.16&#8243; _module_preset=&#8221;default&#8221; global_colors_info=&#8221;{}&#8221;][et_pb_text _builder_version=&#8221;4.16&#8243; _module_preset=&#8221;default&#8221; text_orientation=&#8221;center&#8221; global_colors_info=&#8221;{}&#8221;]<\/p>\n<h1>Stabilift Automatic<\/h1>\n<p>[\/et_pb_text][\/et_pb_column][\/et_pb_row][\/et_pb_section][et_pb_section fb_built=&#8221;1&#8243; _builder_version=&#8221;4.16&#8243; _module_preset=&#8221;default&#8221; custom_padding=&#8221;||0px|||&#8221; global_colors_info=&#8221;{}&#8221;][et_pb_row column_structure=&#8221;3_4,1_4&#8243; _builder_version=&#8221;4.16&#8243; _module_preset=&#8221;default&#8221; global_colors_info=&#8221;{}&#8221;][et_pb_column type=&#8221;3_4&#8243; _builder_version=&#8221;4.16&#8243; _module_preset=&#8221;default&#8221; global_colors_info=&#8221;{}&#8221;][et_pb_text _builder_version=&#8221;4.17.4&#8243; _module_preset=&#8221;default&#8221; global_colors_info=&#8221;{}&#8221;]<\/p>\n<h2 style=\"font-weight: 400;\"><strong>STABILIFT Automatic I<\/strong><\/h2>\n<p>StabiLift Automatic I has been developed in association with The Swedish Rescue Academy and other professional rescue teams.<br \/>The product has been specifically designed for:<br \/>1. Be simple to set up and easy to use<br \/>2. Handle all stabilizing and emergency lifting requirements at road traffic collisions.<br \/>The tool is capable of lifting any height between 130 and 2120 mm.<br \/>Weighing only 11 kg and with a safety factor of 2:1, StabiLift can manage loads up to 2000 kg at full stroke. (Tested at 4000 kg at full stroke (2120 mm)<br \/>StabiLift extends automatically using a gas spring.<br \/>The unit can also be raised and lowered using a simple lever.<\/p>\n<p>Applications<\/p>\n<ul>\n<li>Vehicle in ditch<\/li>\n<li>Vehicle on its side<\/li>\n<li>Vehicle on its roof<\/li>\n<li>Lifting vehicle<\/li>\n<li>Lifting roof from vehicle<\/li>\n<\/ul>\n<p>Light and strong<br \/>Maximum length: 2120 mm<br \/>Minimum length: 1020 mm<br \/>Weight: 11 kg<\/p>\n<p>Accessories:<br \/>Lifting bow<br \/>4-point claw<br \/>Safety strap<br \/>Lever<br \/>Lifting hook<\/p>\n<p>[\/et_pb_text][et_pb_button button_url=&#8221;https:\/\/reipal.se\/wp-content\/uploads\/2023\/01\/StabiLift-Automatic-I-Instruction-english-2023.pdf&#8221; url_new_window=&#8221;on&#8221; button_text=&#8221;Manual automatic I&#8221; _builder_version=&#8221;4.19.4&#8243; _module_preset=&#8221;default&#8221; global_colors_info=&#8221;{}&#8221;][\/et_pb_button][\/et_pb_column][et_pb_column type=&#8221;1_4&#8243; _builder_version=&#8221;4.16&#8243; _module_preset=&#8221;default&#8221; global_colors_info=&#8221;{}&#8221;][et_pb_image src=&#8221;https:\/\/reipal.se\/wp-content\/uploads\/2022\/06\/Automatic-I-belastning-bild-eng-kopia-2.jpg&#8221; title_text=&#8221;Automatic I belastning bild eng kopia&#8221; show_in_lightbox=&#8221;on&#8221; _builder_version=&#8221;4.17.4&#8243; _module_preset=&#8221;default&#8221; height=&#8221;1000px&#8221; box_shadow_style=&#8221;preset1&#8243; locked=&#8221;off&#8221; global_colors_info=&#8221;{}&#8221;][\/et_pb_image][\/et_pb_column][\/et_pb_row][et_pb_row column_structure=&#8221;1_3,1_3,1_3&#8243; _builder_version=&#8221;4.16&#8243; _module_preset=&#8221;default&#8221; max_height=&#8221;500px&#8221; global_colors_info=&#8221;{}&#8221;][et_pb_column type=&#8221;1_3&#8243; _builder_version=&#8221;4.16&#8243; _module_preset=&#8221;default&#8221; global_colors_info=&#8221;{}&#8221;][et_pb_image src=&#8221;https:\/\/reipal.se\/wp-content\/uploads\/2022\/01\/automatic-I-med-tillbehor-vit-bakgrund.png&#8221; title_text=&#8221;automatic I med tillbeh\u00f6r vit bakgrund&#8221; show_in_lightbox=&#8221;on&#8221; align=&#8221;center&#8221; _builder_version=&#8221;4.16&#8243; _module_preset=&#8221;default&#8221; height=&#8221;320px&#8221; box_shadow_style=&#8221;preset1&#8243; global_colors_info=&#8221;{}&#8221;][\/et_pb_image][\/et_pb_column][et_pb_column type=&#8221;1_3&#8243; _builder_version=&#8221;4.16&#8243; _module_preset=&#8221;default&#8221; global_colors_info=&#8221;{}&#8221;][et_pb_image src=&#8221;https:\/\/reipal.se\/wp-content\/uploads\/2022\/01\/automatic-I-vit-bakgrund-1.jpg&#8221; title_text=&#8221;automatic I vit bakgrund 1&#8243; show_in_lightbox=&#8221;on&#8221; align=&#8221;center&#8221; _builder_version=&#8221;4.16&#8243; _module_preset=&#8221;default&#8221; module_alignment=&#8221;center&#8221; height=&#8221;350px&#8221; box_shadow_style=&#8221;preset1&#8243; global_colors_info=&#8221;{}&#8221;][\/et_pb_image][\/et_pb_column][et_pb_column type=&#8221;1_3&#8243; _builder_version=&#8221;4.16&#8243; _module_preset=&#8221;default&#8221; global_colors_info=&#8221;{}&#8221;][et_pb_image src=&#8221;https:\/\/reipal.se\/wp-content\/uploads\/2022\/01\/Picture-Automatic-e1641390016250.jpg&#8221; title_text=&#8221;OLYMPUS DIGITAL CAMERA&#8221; show_in_lightbox=&#8221;on&#8221; align=&#8221;center&#8221; _builder_version=&#8221;4.16&#8243; _module_preset=&#8221;default&#8221; module_alignment=&#8221;center&#8221; height=&#8221;350px&#8221; box_shadow_style=&#8221;preset1&#8243; global_colors_info=&#8221;{}&#8221;][\/et_pb_image][\/et_pb_column][\/et_pb_row][et_pb_row use_custom_gutter=&#8221;on&#8221; gutter_width=&#8221;2&#8243; _builder_version=&#8221;4.16&#8243; _module_preset=&#8221;default&#8221; global_colors_info=&#8221;{}&#8221;][et_pb_column type=&#8221;4_4&#8243; _builder_version=&#8221;4.16&#8243; _module_preset=&#8221;default&#8221; global_colors_info=&#8221;{}&#8221;][et_pb_divider color=&#8221;#000000&#8243; _builder_version=&#8221;4.16&#8243; _module_preset=&#8221;default&#8221; global_colors_info=&#8221;{}&#8221;][\/et_pb_divider][\/et_pb_column][\/et_pb_row][\/et_pb_section][et_pb_section fb_built=&#8221;1&#8243; _builder_version=&#8221;4.16&#8243; _module_preset=&#8221;default&#8221; custom_padding=&#8221;||0px|||&#8221; global_colors_info=&#8221;{}&#8221;][et_pb_row column_structure=&#8221;3_4,1_4&#8243; _builder_version=&#8221;4.16&#8243; _module_preset=&#8221;default&#8221; global_colors_info=&#8221;{}&#8221;][et_pb_column type=&#8221;3_4&#8243; _builder_version=&#8221;4.16&#8243; _module_preset=&#8221;default&#8221; global_colors_info=&#8221;{}&#8221;][et_pb_text _builder_version=&#8221;4.19.4&#8243; _module_preset=&#8221;default&#8221; global_colors_info=&#8221;{}&#8221;]<\/p>\n<h2>STABILIFT AUTOMATIC I+<\/h2>\n<p>NEW!!!\u00a0\u00a0Stabilift\u00a0Automatic I+ is a further developed version of Automatic I<\/p>\n<p>Advantages of Automatic I+:<\/p>\n<ul>\n<li>Very light and flexible, which is very important when one minute can be the difference between life and death<\/li>\n<li>Versatile<\/li>\n<li>Can handle most tasks in the event of various accidents and support needs<\/li>\n<li>Extremely powerful<\/li>\n<li>If necessary, you can easily lift a car<\/li>\n<li>Short and user-friendly<\/li>\n<\/ul>\n<p>The tool can lift any height between 130 and 1720 mm (+ 250 mm with Extension pipe mounted)<br \/>Weighs only 11.5 kg<br \/>Automatic I\u00a0+ can handle loads up to 3750 kg when fully extended with a safety factor of 2: 1<br \/>(Tested with 7500 kg full length)<br \/>Automatic I\u00a0+ extends automatically using a gas spring.<br \/>The unit can also be raised and lowered using a lever under load.<\/p>\n<p>Applications<\/p>\n<ul>\n<li>Vehicles in ditch<\/li>\n<li>Vehicles on its side<\/li>\n<li>Vehicles on its roof<\/li>\n<li>Lifting roof from vehicle<\/li>\n<li>Support of buildings<\/li>\n<\/ul>\n<p>Accessories:<br \/>Lifting bow<br \/>4-point claw<br \/>Safety strap<br \/>Lever<br \/>Lifting hook<br \/>Extension 250 mm<br \/>Large footplate with spikes<\/p>\n<p>[\/et_pb_text][et_pb_button button_url=&#8221;https:\/\/reipal.se\/wp-content\/uploads\/2021\/11\/New-Brochure-Automatic-I-english.pdf&#8221; url_new_window=&#8221;on&#8221; button_text=&#8221;Brochure Automatic I+&#8221; _builder_version=&#8221;4.16&#8243; _module_preset=&#8221;default&#8221; global_colors_info=&#8221;{}&#8221;][\/et_pb_button][et_pb_button button_url=&#8221;https:\/\/reipal.se\/wp-content\/uploads\/2024\/12\/StabiLift-Automatic-I-Instruction-english-2023.pdf&#8221; url_new_window=&#8221;on&#8221; button_text=&#8221;Manual automatic I+&#8221; _builder_version=&#8221;4.27.4&#8243; _module_preset=&#8221;default&#8221; global_colors_info=&#8221;{}&#8221;][\/et_pb_button][\/et_pb_column][et_pb_column type=&#8221;1_4&#8243; _builder_version=&#8221;4.16&#8243; _module_preset=&#8221;default&#8221; global_colors_info=&#8221;{}&#8221;][et_pb_image src=&#8221;https:\/\/reipal.se\/wp-content\/uploads\/2023\/01\/Automatic-I-belastning-engelsk-bild-2023-hemsida-.jpg&#8221; title_text=&#8221;Automatic I+ belastning engelsk bild 2023 hemsida&#8221; url=&#8221;https:\/\/reipal.se\/wp-content\/uploads\/2023\/01\/Automatic-I-belastning-engelsk-bild-2023-hemsida-.jpg&#8221; _builder_version=&#8221;4.19.4&#8243; _module_preset=&#8221;default&#8221; height=&#8221;1000px&#8221; box_shadow_style=&#8221;preset1&#8243; global_colors_info=&#8221;{}&#8221;][\/et_pb_image][\/et_pb_column][\/et_pb_row][et_pb_row column_structure=&#8221;1_3,1_3,1_3&#8243; _builder_version=&#8221;4.16&#8243; _module_preset=&#8221;default&#8221; max_height=&#8221;500px&#8221; global_colors_info=&#8221;{}&#8221;][et_pb_column type=&#8221;1_3&#8243; _builder_version=&#8221;4.16&#8243; _module_preset=&#8221;default&#8221; global_colors_info=&#8221;{}&#8221;][et_pb_image src=&#8221;https:\/\/reipal.se\/wp-content\/uploads\/2021\/03\/automatic-i-4.jpeg&#8221; title_text=&#8221;automatic i+ (4)&#8221; show_in_lightbox=&#8221;on&#8221; align=&#8221;center&#8221; _builder_version=&#8221;4.16&#8243; _module_preset=&#8221;default&#8221; height=&#8221;320px&#8221; box_shadow_style=&#8221;preset1&#8243; global_colors_info=&#8221;{}&#8221;][\/et_pb_image][\/et_pb_column][et_pb_column type=&#8221;1_3&#8243; _builder_version=&#8221;4.16&#8243; _module_preset=&#8221;default&#8221; global_colors_info=&#8221;{}&#8221;][et_pb_image src=&#8221;https:\/\/reipal.se\/wp-content\/uploads\/2021\/03\/automatic-i-6.jpeg&#8221; title_text=&#8221;automatic i+ (6)&#8221; show_in_lightbox=&#8221;on&#8221; align=&#8221;center&#8221; _builder_version=&#8221;4.16&#8243; _module_preset=&#8221;default&#8221; module_alignment=&#8221;center&#8221; height=&#8221;350px&#8221; box_shadow_style=&#8221;preset1&#8243; global_colors_info=&#8221;{}&#8221;][\/et_pb_image][\/et_pb_column][et_pb_column type=&#8221;1_3&#8243; _builder_version=&#8221;4.16&#8243; _module_preset=&#8221;default&#8221; global_colors_info=&#8221;{}&#8221;][et_pb_image src=&#8221;https:\/\/reipal.se\/wp-content\/uploads\/2021\/07\/tillbehor-lyftkrok-tradfallriktare.png&#8221; title_text=&#8221;tillbeh\u00f6r lyftkrok tr\u00e4df\u00e4llriktare&#8221; show_in_lightbox=&#8221;on&#8221; align=&#8221;center&#8221; _builder_version=&#8221;4.16&#8243; _module_preset=&#8221;default&#8221; module_alignment=&#8221;center&#8221; height=&#8221;350px&#8221; box_shadow_style=&#8221;preset1&#8243; global_colors_info=&#8221;{}&#8221;][\/et_pb_image][\/et_pb_column][\/et_pb_row][et_pb_row use_custom_gutter=&#8221;on&#8221; gutter_width=&#8221;2&#8243; _builder_version=&#8221;4.16&#8243; _module_preset=&#8221;default&#8221; global_colors_info=&#8221;{}&#8221;][et_pb_column type=&#8221;4_4&#8243; _builder_version=&#8221;4.16&#8243; _module_preset=&#8221;default&#8221; global_colors_info=&#8221;{}&#8221;][et_pb_divider color=&#8221;#000000&#8243; _builder_version=&#8221;4.16&#8243; _module_preset=&#8221;default&#8221; global_colors_info=&#8221;{}&#8221;][\/et_pb_divider][\/et_pb_column][\/et_pb_row][\/et_pb_section][et_pb_section fb_built=&#8221;1&#8243; _builder_version=&#8221;4.16&#8243; _module_preset=&#8221;default&#8221; custom_padding=&#8221;||0px|||&#8221; global_colors_info=&#8221;{}&#8221;][et_pb_row column_structure=&#8221;3_4,1_4&#8243; _builder_version=&#8221;4.16&#8243; _module_preset=&#8221;default&#8221; global_colors_info=&#8221;{}&#8221;][et_pb_column type=&#8221;3_4&#8243; _builder_version=&#8221;4.16&#8243; _module_preset=&#8221;default&#8221; global_colors_info=&#8221;{}&#8221;][et_pb_text _builder_version=&#8221;4.16&#8243; _module_preset=&#8221;default&#8221; global_colors_info=&#8221;{}&#8221;]<\/p>\n<h2>STABILIFT AUTOMATIC II<\/h2>\n<p>Stabilift Automatic II is a stronger version of Automatic I, it is fast and easy to use in passenger car accidents at the same time as it is strong enough to also be used in bus and truck accidents. It is also long enough to be used for support in buildings (2545 mm).<\/p>\n<p>The product has been specifically designed for:<br \/>1. Be simple to set up and easy to use<br \/>2. Handle all stabilizing and emergency lifting requirements at road traffic collisions<\/p>\n<p>The tool is capable of lifting any height between 150 and 2545 mm.<\/p>\n<p>Weighing only 15,5 kg and with a safety factor of 2:1, the tool can manage loads up to 5000 kg at full stroke. (Tested at 10 000 kg fully extended to 2545 mm).<\/p>\n<p>The Stabilift Automatic II extends automatically using a gas spring.<br \/>The unit can also be raised or lowered under load using a simple lever.<\/p>\n<p>The Stabilift Automatic II is possibly the simplest to use and most rapidly deployed rescue strut on the market.<\/p>\n<p>Applications:<\/p>\n<ul>\n<li>Vehicle in ditch<\/li>\n<li>Vehicle lying on its side<\/li>\n<li>Vehicles lying on its roof<\/li>\n<li>Lifting vehicle<\/li>\n<li>Lifting roof from vehicle<\/li>\n<li>Support of buildings<\/li>\n<\/ul>\n<p>Accessories included:<br \/>Lifting bow<br \/>4-point claw<br \/>Safety strap<br \/>Lever<br \/>Lifting hook<br \/>Top plate<br \/>Large footplate with spikes<\/p>\n<p>All our struts have been tested and approved by RISE Research Institutes of Sweden<\/p>\n<p>[\/et_pb_text][et_pb_button button_url=&#8221;https:\/\/reipal.se\/wp-content\/uploads\/2023\/01\/Stabilift-brochure-english-2023.pdf&#8221; url_new_window=&#8221;on&#8221; button_text=&#8221;Brochure all models&#8221; _builder_version=&#8221;4.19.4&#8243; _module_preset=&#8221;default&#8221; global_colors_info=&#8221;{}&#8221;][\/et_pb_button][et_pb_button button_url=&#8221;https:\/\/reipal.se\/wp-content\/uploads\/2024\/12\/StabiLift-Automatic-II-Instruction-english-2024.pdf&#8221; url_new_window=&#8221;on&#8221; button_text=&#8221;Manual Automatic II&#8221; _builder_version=&#8221;4.27.4&#8243; _module_preset=&#8221;default&#8221; hover_enabled=&#8221;0&#8243; global_colors_info=&#8221;{}&#8221; sticky_enabled=&#8221;0&#8243;][\/et_pb_button][\/et_pb_column][et_pb_column type=&#8221;1_4&#8243; _builder_version=&#8221;4.16&#8243; _module_preset=&#8221;default&#8221; global_colors_info=&#8221;{}&#8221;][et_pb_image src=&#8221;https:\/\/reipal.se\/wp-content\/uploads\/2022\/06\/automatic-II-belastning-bild-eng-kopia.jpg&#8221; title_text=&#8221;automatic II belastning bild eng kopia&#8221; show_in_lightbox=&#8221;on&#8221; _builder_version=&#8221;4.17.4&#8243; _module_preset=&#8221;default&#8221; box_shadow_style=&#8221;preset1&#8243; global_colors_info=&#8221;{}&#8221;][\/et_pb_image][\/et_pb_column][\/et_pb_row][et_pb_row column_structure=&#8221;1_5,1_5,1_5,1_5,1_5&#8243; _builder_version=&#8221;4.16&#8243; _module_preset=&#8221;default&#8221; max_height=&#8221;500px&#8221; global_colors_info=&#8221;{}&#8221;][et_pb_column type=&#8221;1_5&#8243; _builder_version=&#8221;4.16&#8243; _module_preset=&#8221;default&#8221; global_colors_info=&#8221;{}&#8221;][et_pb_image src=&#8221;https:\/\/reipal.se\/wp-content\/uploads\/2021\/07\/StabiLIft-Automatic-II-tillbehor-bild-1-scaled.jpg&#8221; title_text=&#8221;StabiLIft Automatic II tillbeh\u00f6r bild 1&#8243; show_in_lightbox=&#8221;on&#8221; align=&#8221;center&#8221; _builder_version=&#8221;4.16&#8243; _module_preset=&#8221;default&#8221; module_alignment=&#8221;center&#8221; box_shadow_style=&#8221;preset1&#8243; global_colors_info=&#8221;{}&#8221;][\/et_pb_image][\/et_pb_column][et_pb_column type=&#8221;1_5&#8243; _builder_version=&#8221;4.16&#8243; _module_preset=&#8221;default&#8221; global_colors_info=&#8221;{}&#8221;][et_pb_image src=&#8221;https:\/\/reipal.se\/wp-content\/uploads\/2021\/03\/6986-e1619697790865.jpeg&#8221; title_text=&#8221;6986&#8243; show_in_lightbox=&#8221;on&#8221; align=&#8221;center&#8221; _builder_version=&#8221;4.16&#8243; _module_preset=&#8221;default&#8221; module_alignment=&#8221;center&#8221; height=&#8221;320px&#8221; box_shadow_style=&#8221;preset1&#8243; global_colors_info=&#8221;{}&#8221;][\/et_pb_image][\/et_pb_column][et_pb_column type=&#8221;1_5&#8243; _builder_version=&#8221;4.16&#8243; _module_preset=&#8221;default&#8221; global_colors_info=&#8221;{}&#8221;][et_pb_image src=&#8221;https:\/\/reipal.se\/wp-content\/uploads\/2021\/02\/2-3A-min-e1622194042544.jpg&#8221; title_text=&#8221;2-3A-min&#8221; show_in_lightbox=&#8221;on&#8221; _builder_version=&#8221;4.16&#8243; _module_preset=&#8221;default&#8221; box_shadow_style=&#8221;preset1&#8243; global_colors_info=&#8221;{}&#8221;][\/et_pb_image][\/et_pb_column][et_pb_column type=&#8221;1_5&#8243; _builder_version=&#8221;4.16&#8243; _module_preset=&#8221;default&#8221; global_colors_info=&#8221;{}&#8221;][et_pb_image src=&#8221;https:\/\/reipal.se\/wp-content\/uploads\/2021\/03\/RHA08L-2.jpeg&#8221; title_text=&#8221;RHA08L-2&#8243; show_in_lightbox=&#8221;on&#8221; _builder_version=&#8221;4.16&#8243; _module_preset=&#8221;default&#8221; box_shadow_style=&#8221;preset1&#8243; global_colors_info=&#8221;{}&#8221;][\/et_pb_image][\/et_pb_column][et_pb_column type=&#8221;1_5&#8243; _builder_version=&#8221;4.16&#8243; _module_preset=&#8221;default&#8221; global_colors_info=&#8221;{}&#8221;][et_pb_image src=&#8221;https:\/\/reipal.se\/wp-content\/uploads\/2021\/03\/RHA06L-2-e1619697827410.jpeg&#8221; title_text=&#8221;RHA06L-2&#8243; show_in_lightbox=&#8221;on&#8221; align=&#8221;center&#8221; _builder_version=&#8221;4.16&#8243; _module_preset=&#8221;default&#8221; box_shadow_style=&#8221;preset1&#8243; global_colors_info=&#8221;{}&#8221;][\/et_pb_image][\/et_pb_column][\/et_pb_row][\/et_pb_section][et_pb_section fb_built=&#8221;1&#8243; _builder_version=&#8221;4.16&#8243; _module_preset=&#8221;default&#8221; background_enable_color=&#8221;off&#8221; use_background_color_gradient=&#8221;on&#8221; background_color_gradient_stops=&#8221;#ffffff 25%|#eee 25%&#8221; background_color_gradient_start=&#8221;#ffffff&#8221; background_color_gradient_start_position=&#8221;25%&#8221; background_color_gradient_end=&#8221;#eee&#8221; background_color_gradient_end_position=&#8221;0%&#8221; custom_padding=&#8221;0px|||||&#8221; collapsed=&#8221;on&#8221; global_colors_info=&#8221;{}&#8221;][et_pb_row use_custom_gutter=&#8221;on&#8221; gutter_width=&#8221;2&#8243; _builder_version=&#8221;4.16&#8243; _module_preset=&#8221;default&#8221; max_width=&#8221;40%&#8221; custom_padding=&#8221;||0px|||&#8221; global_colors_info=&#8221;{}&#8221;][et_pb_column type=&#8221;4_4&#8243; _builder_version=&#8221;4.16&#8243; _module_preset=&#8221;default&#8221; global_colors_info=&#8221;{}&#8221;][et_pb_code _builder_version=&#8221;4.16&#8243; _module_preset=&#8221;default&#8221; width_last_edited=&#8221;off|desktop&#8221; box_shadow_style=&#8221;preset1&#8243; global_colors_info=&#8221;{}&#8221;]<iframe loading=\"lazy\" width=\"560\" height=\"315\" src=\"https:\/\/www.youtube.com\/embed\/fM6nbSey-aA\" title=\"YouTube video player\" frameborder=\"0\" allow=\"accelerometer; autoplay; clipboard-write; encrypted-media; gyroscope; picture-in-picture\" allowfullscreen=\"\"><\/iframe>[\/et_pb_code][\/et_pb_column][\/et_pb_row][\/et_pb_section]<\/p>\n","protected":false},"excerpt":{"rendered":"<p>Stabilift AutomaticSTABILIFT Automatic I StabiLift Automatic I has been developed in association with The Swedish Rescue Academy and other professional rescue teams.The product has been specifically designed for:1. Be simple to set up and easy to use2. Handle all stabilizing and emergency lifting requirements at road traffic collisions.The tool is capable of lifting any height [&hellip;]<\/p>\n","protected":false},"author":1,"featured_media":0,"parent":0,"menu_order":0,"comment_status":"closed","ping_status":"closed","template":"","meta":{"_et_pb_use_builder":"on","_et_pb_old_content":"","_et_gb_content_width":"","footnotes":""},"class_list":["post-715","page","type-page","status-publish","hentry"],"_links":{"self":[{"href":"https:\/\/reipal.se\/en\/wp-json\/wp\/v2\/pages\/715","targetHints":{"allow":["GET"]}}],"collection":[{"href":"https:\/\/reipal.se\/en\/wp-json\/wp\/v2\/pages"}],"about":[{"href":"https:\/\/reipal.se\/en\/wp-json\/wp\/v2\/types\/page"}],"author":[{"embeddable":true,"href":"https:\/\/reipal.se\/en\/wp-json\/wp\/v2\/users\/1"}],"replies":[{"embeddable":true,"href":"https:\/\/reipal.se\/en\/wp-json\/wp\/v2\/comments?post=715"}],"version-history":[{"count":64,"href":"https:\/\/reipal.se\/en\/wp-json\/wp\/v2\/pages\/715\/revisions"}],"predecessor-version":[{"id":1601,"href":"https:\/\/reipal.se\/en\/wp-json\/wp\/v2\/pages\/715\/revisions\/1601"}],"wp:attachment":[{"href":"https:\/\/reipal.se\/en\/wp-json\/wp\/v2\/media?parent=715"}],"curies":[{"name":"wp","href":"https:\/\/api.w.org\/{rel}","templated":true}]}}